{"id":4084,"date":"2016-05-23T12:03:26","date_gmt":"2016-05-23T12:03:26","guid":{"rendered":"http:\/\/8theme.com\/import\/xstore\/?page_id=4084"},"modified":"2025-01-29T10:49:45","modified_gmt":"2025-01-29T09:49:45","slug":"blog","status":"publish","type":"page","link":"https:\/\/uszczelniacze.net\/blog\/","title":{"rendered":"Blog"},"content":{"rendered":"\t\t<div data-elementor-type=\"wp-page\" data-elementor-id=\"4084\" class=\"elementor elementor-4084\" data-elementor-post-type=\"page\">\n\t\t\t\t\t\t<section class=\"elementor-section elementor-top-section elementor-element elementor-element-54a5848 elementor-section-boxed elementor-section-height-default elementor-section-height-default\" data-id=\"54a5848\" data-element_type=\"section\">\n\t\t\t\t\t\t<div class=\"elementor-container elementor-column-gap-no\">\n\t\t\t\t\t<div class=\"elementor-column elementor-col-100 elementor-top-column elementor-element elementor-element-cd69aa9\" data-id=\"cd69aa9\" data-element_type=\"column\">\n\t\t\t<div class=\"elementor-widget-wrap elementor-element-populated\">\n\t\t\t\t<div class=\"elementor-element elementor-element-6e07fae e-flex e-con-boxed e-con e-parent\" data-id=\"6e07fae\" data-element_type=\"container\">\n\t\t\t\t\t<div class=\"e-con-inner\">\n\t\t\t\t<div class=\"elementor-element elementor-element-e7bf500 elementor-grid-2 elementor-grid-tablet-2 elementor-grid-mobile-1 elementor-posts--thumbnail-top elementor-widget elementor-widget-posts\" data-id=\"e7bf500\" data-element_type=\"widget\" data-settings=\"{&quot;classic_columns&quot;:&quot;2&quot;,&quot;classic_columns_tablet&quot;:&quot;2&quot;,&quot;classic_columns_mobile&quot;:&quot;1&quot;,&quot;classic_row_gap&quot;:{&quot;unit&quot;:&quot;px&quot;,&quot;size&quot;:35,&quot;sizes&quot;:[]},&quot;classic_row_gap_tablet&quot;:{&quot;unit&quot;:&quot;px&quot;,&quot;size&quot;:&quot;&quot;,&quot;sizes&quot;:[]},&quot;classic_row_gap_mobile&quot;:{&quot;unit&quot;:&quot;px&quot;,&quot;size&quot;:&quot;&quot;,&quot;sizes&quot;:[]}}\" data-widget_type=\"posts.classic\">\n\t\t\t\t<div class=\"elementor-widget-container\">\n\t\t\t\t\t\t\t<div class=\"elementor-posts-container elementor-posts elementor-posts--skin-classic elementor-grid\">\n\t\t\t\t<article class=\"elementor-post elementor-grid-item post-6414 post type-post status-publish format-standard has-post-thumbnail hentry category-blog\">\n\t\t\t\t<a class=\"elementor-post__thumbnail__link\" href=\"https:\/\/uszczelniacze.net\/blog\/lejek-do-wlewania-uszczelniacza\/\" tabindex=\"-1\" >\n\t\t\t<div class=\"elementor-post__thumbnail\"><img loading=\"lazy\" loading=\"lazy\" decoding=\"async\" width=\"225\" height=\"300\" src=\"https:\/\/uszczelniacze.net\/blog\/wp-content\/uploads\/2026\/02\/lejek-do-wlewania-uszczelniacza-multiseal-widok-boczny-225x300.jpg\" class=\"attachment-medium size-medium wp-image-6415\" alt=\"\u017b\u00f3\u0142ty plastikowy lejek do wlewania uszczelniacza MultiSeal, zamocowany na mosi\u0119\u017cnym kolanku z gwintem zewn\u0119trznym \u2013 widok boczny na bia\u0142ym tle.\" srcset=\"https:\/\/uszczelniacze.net\/blog\/wp-content\/uploads\/2026\/02\/lejek-do-wlewania-uszczelniacza-multiseal-widok-boczny-225x300.jpg 225w, https:\/\/uszczelniacze.net\/blog\/wp-content\/uploads\/2026\/02\/lejek-do-wlewania-uszczelniacza-multiseal-widok-boczny-768x1024.jpg 768w, https:\/\/uszczelniacze.net\/blog\/wp-content\/uploads\/2026\/02\/lejek-do-wlewania-uszczelniacza-multiseal-widok-boczny-1152x1536.jpg 1152w, https:\/\/uszczelniacze.net\/blog\/wp-content\/uploads\/2026\/02\/lejek-do-wlewania-uszczelniacza-multiseal-widok-boczny-1x1.jpg 1w, https:\/\/uszczelniacze.net\/blog\/wp-content\/uploads\/2026\/02\/lejek-do-wlewania-uszczelniacza-multiseal-widok-boczny-8x10.jpg 8w, https:\/\/uszczelniacze.net\/blog\/wp-content\/uploads\/2026\/02\/lejek-do-wlewania-uszczelniacza-multiseal-widok-boczny.jpg 1536w\" sizes=\"auto, (max-width: 225px) 100vw, 225px\" \/><\/div>\n\t\t<\/a>\n\t\t\t\t<div class=\"elementor-post__text\">\n\t\t\t\t<h3 class=\"elementor-post__title\">\n\t\t\t<a href=\"https:\/\/uszczelniacze.net\/blog\/lejek-do-wlewania-uszczelniacza\/\" >\n\t\t\t\tLejek do wlewania uszczelniacza\t\t\t<\/a>\n\t\t<\/h3>\n\t\t\t\t<div class=\"elementor-post__meta-data\">\n\t\t\t\t\t<span class=\"elementor-post-author\">\n\t\t\tMaciej Krysztafkiewicz\t\t<\/span>\n\t\t\t\t<span class=\"elementor-post-date\">\n\t\t\t26 lutego, 2026\t\t<\/span>\n\t\t\t\t<span class=\"elementor-post-avatar\">\n\t\t\tBrak komentarzy\t\t<\/span>\n\t\t\t\t<\/div>\n\t\t\t\t<div class=\"elementor-post__excerpt\">\n\t\t\t<p>Lejek do wlewania uszczelniacza W instalacjach grzewczych liczy si\u0119 precyzja aplikacji oraz bezpiecze\u0144stwo pracy. Lejek do wlewania uszczelniacza to proste, ale niezwykle praktyczne urz\u0105dzenie, kt\u00f3re&#8230;<\/p>\n\t\t<\/div>\n\t\t\n\t\t<a class=\"elementor-post__read-more\" href=\"https:\/\/uszczelniacze.net\/blog\/lejek-do-wlewania-uszczelniacza\/\" aria-label=\"Read more about Lejek do wlewania uszczelniacza\" tabindex=\"-1\" >\n\t\t\tCzytaj wi\u0119cej \u00bb\t\t<\/a>\n\n\t\t\t\t<\/div>\n\t\t\t\t<\/article>\n\t\t\t\t<article class=\"elementor-post elementor-grid-item post-6397 post type-post status-publish format-standard has-post-thumbnail hentry category-blog\">\n\t\t\t\t<a class=\"elementor-post__thumbnail__link\" href=\"https:\/\/uszczelniacze.net\/blog\/spadek-cisnienia-w-piecu-gazowym-bezinwazyjna-naprawa-wycieku-w-instalacji-co-z-rurami-pex-i-uszczelniaczem-multiseal-30-e-%f0%9f%94%a7%f0%9f%92%a7\/\" tabindex=\"-1\" >\n\t\t\t<div class=\"elementor-post__thumbnail\"><img loading=\"lazy\" loading=\"lazy\" decoding=\"async\" width=\"225\" height=\"300\" src=\"https:\/\/uszczelniacze.net\/blog\/wp-content\/uploads\/2025\/11\/wlewanie-uszczelniacza-do-instalacji-co-slask-225x300.jpg\" class=\"attachment-medium size-medium wp-image-6402\" alt=\"Uszczelniacz Mutliseal 30 E do naprawy instalacji z kot\u0142em gazowym\" srcset=\"https:\/\/uszczelniacze.net\/blog\/wp-content\/uploads\/2025\/11\/wlewanie-uszczelniacza-do-instalacji-co-slask-225x300.jpg 225w, https:\/\/uszczelniacze.net\/blog\/wp-content\/uploads\/2025\/11\/wlewanie-uszczelniacza-do-instalacji-co-slask-768x1024.jpg 768w, https:\/\/uszczelniacze.net\/blog\/wp-content\/uploads\/2025\/11\/wlewanie-uszczelniacza-do-instalacji-co-slask-1152x1536.jpg 1152w, https:\/\/uszczelniacze.net\/blog\/wp-content\/uploads\/2025\/11\/wlewanie-uszczelniacza-do-instalacji-co-slask-1536x2048.jpg 1536w, https:\/\/uszczelniacze.net\/blog\/wp-content\/uploads\/2025\/11\/wlewanie-uszczelniacza-do-instalacji-co-slask-1x1.jpg 1w, https:\/\/uszczelniacze.net\/blog\/wp-content\/uploads\/2025\/11\/wlewanie-uszczelniacza-do-instalacji-co-slask-8x10.jpg 8w, https:\/\/uszczelniacze.net\/blog\/wp-content\/uploads\/2025\/11\/wlewanie-uszczelniacza-do-instalacji-co-slask-scaled.jpg 1920w\" sizes=\"auto, (max-width: 225px) 100vw, 225px\" \/><\/div>\n\t\t<\/a>\n\t\t\t\t<div class=\"elementor-post__text\">\n\t\t\t\t<h3 class=\"elementor-post__title\">\n\t\t\t<a href=\"https:\/\/uszczelniacze.net\/blog\/spadek-cisnienia-w-piecu-gazowym-bezinwazyjna-naprawa-wycieku-w-instalacji-co-z-rurami-pex-i-uszczelniaczem-multiseal-30-e-%f0%9f%94%a7%f0%9f%92%a7\/\" >\n\t\t\t\tSpadek ci\u015bnienia w piecu gazowym? Bezinwazyjna naprawa wycieku w instalacji CO z rurami PEX i uszczelniaczem Multiseal 30 E \ud83d\udd27\ud83d\udca7\t\t\t<\/a>\n\t\t<\/h3>\n\t\t\t\t<div class=\"elementor-post__meta-data\">\n\t\t\t\t\t<span class=\"elementor-post-author\">\n\t\t\tMaciej Krysztafkiewicz\t\t<\/span>\n\t\t\t\t<span class=\"elementor-post-date\">\n\t\t\t30 listopada, 2025\t\t<\/span>\n\t\t\t\t<span class=\"elementor-post-avatar\">\n\t\t\tBrak komentarzy\t\t<\/span>\n\t\t\t\t<\/div>\n\t\t\t\t<div class=\"elementor-post__excerpt\">\n\t\t\t<p>Spadek ci\u015bnienia w piecu gazowym? Bezinwazyjna naprawa wycieku w instalacji CO z rurami PEX i uszczelniaczem Multiseal 30 E \ud83d\udd27\ud83d\udca7 Regularne dopuszczanie wody do pieca&#8230;<\/p>\n\t\t<\/div>\n\t\t\n\t\t<a class=\"elementor-post__read-more\" href=\"https:\/\/uszczelniacze.net\/blog\/spadek-cisnienia-w-piecu-gazowym-bezinwazyjna-naprawa-wycieku-w-instalacji-co-z-rurami-pex-i-uszczelniaczem-multiseal-30-e-%f0%9f%94%a7%f0%9f%92%a7\/\" aria-label=\"Read more about Spadek ci\u015bnienia w piecu gazowym? Bezinwazyjna naprawa wycieku w instalacji CO z rurami PEX i uszczelniaczem Multiseal 30 E \ud83d\udd27\ud83d\udca7\" tabindex=\"-1\" >\n\t\t\tCzytaj wi\u0119cej \u00bb\t\t<\/a>\n\n\t\t\t\t<\/div>\n\t\t\t\t<\/article>\n\t\t\t\t<article class=\"elementor-post elementor-grid-item post-6390 post type-post status-publish format-standard has-post-thumbnail hentry category-czesto-zadawane-pytania\">\n\t\t\t\t<a class=\"elementor-post__thumbnail__link\" href=\"https:\/\/uszczelniacze.net\/blog\/jak-skutecznie-naprawic-przeciekajacy-kociol-weglowy-z-uzyciem-uszczelniacza-multiseal\/\" tabindex=\"-1\" >\n\t\t\t<div class=\"elementor-post__thumbnail\"><img loading=\"lazy\" loading=\"lazy\" decoding=\"async\" width=\"300\" height=\"300\" src=\"https:\/\/uszczelniacze.net\/blog\/wp-content\/uploads\/2025\/08\/jak-skutecznie-naprawic-cieknacy-kociol-weglowy-300x300.jpg\" class=\"attachment-medium size-medium wp-image-6391\" alt=\"\" srcset=\"https:\/\/uszczelniacze.net\/blog\/wp-content\/uploads\/2025\/08\/jak-skutecznie-naprawic-cieknacy-kociol-weglowy-300x300.jpg 300w, https:\/\/uszczelniacze.net\/blog\/wp-content\/uploads\/2025\/08\/jak-skutecznie-naprawic-cieknacy-kociol-weglowy-1024x1024.jpg 1024w, https:\/\/uszczelniacze.net\/blog\/wp-content\/uploads\/2025\/08\/jak-skutecznie-naprawic-cieknacy-kociol-weglowy-150x150.jpg 150w, https:\/\/uszczelniacze.net\/blog\/wp-content\/uploads\/2025\/08\/jak-skutecznie-naprawic-cieknacy-kociol-weglowy-768x768.jpg 768w, https:\/\/uszczelniacze.net\/blog\/wp-content\/uploads\/2025\/08\/jak-skutecznie-naprawic-cieknacy-kociol-weglowy-1536x1536.jpg 1536w, https:\/\/uszczelniacze.net\/blog\/wp-content\/uploads\/2025\/08\/jak-skutecznie-naprawic-cieknacy-kociol-weglowy-1x1.jpg 1w, https:\/\/uszczelniacze.net\/blog\/wp-content\/uploads\/2025\/08\/jak-skutecznie-naprawic-cieknacy-kociol-weglowy-10x10.jpg 10w, https:\/\/uszczelniacze.net\/blog\/wp-content\/uploads\/2025\/08\/jak-skutecznie-naprawic-cieknacy-kociol-weglowy.jpg 2048w\" sizes=\"auto, (max-width: 300px) 100vw, 300px\" \/><\/div>\n\t\t<\/a>\n\t\t\t\t<div class=\"elementor-post__text\">\n\t\t\t\t<h3 class=\"elementor-post__title\">\n\t\t\t<a href=\"https:\/\/uszczelniacze.net\/blog\/jak-skutecznie-naprawic-przeciekajacy-kociol-weglowy-z-uzyciem-uszczelniacza-multiseal\/\" >\n\t\t\t\tJak skutecznie naprawi\u0107 przeciekaj\u0105cy kocio\u0142 w\u0119glowy z u\u017cyciem uszczelniacza Multiseal?\t\t\t<\/a>\n\t\t<\/h3>\n\t\t\t\t<div class=\"elementor-post__meta-data\">\n\t\t\t\t\t<span class=\"elementor-post-author\">\n\t\t\tMaciej Krysztafkiewicz\t\t<\/span>\n\t\t\t\t<span class=\"elementor-post-date\">\n\t\t\t6 sierpnia, 2025\t\t<\/span>\n\t\t\t\t<span class=\"elementor-post-avatar\">\n\t\t\tBrak komentarzy\t\t<\/span>\n\t\t\t\t<\/div>\n\t\t\t\t<div class=\"elementor-post__excerpt\">\n\t\t\t<p>Woda pod piecem? \ud83d\ude31 Nie wymieniaj kot\u0142a \u2013 napraw go w jedno popo\u0142udnie!<\/p>\n<p>Tre\u015b\u0107: Sezon grzewczy w pe\u0142ni, a Ty zauwa\u017cy\u0142e\u015b wyciek z kot\u0142a w\u0119glowego? Wizja wymiany pieca i koszt\u00f3w sp\u0119dza Ci sen z powiek? Mamy dla Ciebie dobr\u0105 wiadomo\u015b\u0107! \ud83d\uded1<\/p>\n<p>Zamiast dzwoni\u0107 po z\u0142omiarza, si\u0119gnij po sprawdzone rozwi\u0105zanie. W naszym najnowszym artykule pokazujemy, jak uratowa\u0107 ciekn\u0105cy kocio\u0142 przy u\u017cyciu p\u0142ynnego uszczelniacza Multiseal.<\/p>\n<p>\u2705 Bez spawania \u2705 Bez brudu \u2705 Gotowe w 6-8 godzin<\/p>\n<p>Jeste\u015bmy praktykami \u2013 od 13 lat ratujemy polskie instalacje. Zobacz zdj\u0119cia z naszej ostatniej realizacji w Katowicach i przekonaj si\u0119, \u017ce Tw\u00f3j piec mo\u017ce jeszcze d\u0142ugo pos\u0142u\u017cy\u0107! \ud83d\udee0\ufe0f<\/p>\n<p>\ud83d\udc47 Przeczytaj instrukcj\u0119 krok po kroku i dobierz preparat: https:\/\/uszczelniacze.net\/product-categories\/uszczelniacze-do-naprawy-cieknacych-kotlow<\/p>\n\t\t<\/div>\n\t\t\n\t\t<a class=\"elementor-post__read-more\" href=\"https:\/\/uszczelniacze.net\/blog\/jak-skutecznie-naprawic-przeciekajacy-kociol-weglowy-z-uzyciem-uszczelniacza-multiseal\/\" aria-label=\"Read more about Jak skutecznie naprawi\u0107 przeciekaj\u0105cy kocio\u0142 w\u0119glowy z u\u017cyciem uszczelniacza Multiseal?\" tabindex=\"-1\" >\n\t\t\tCzytaj wi\u0119cej \u00bb\t\t<\/a>\n\n\t\t\t\t<\/div>\n\t\t\t\t<\/article>\n\t\t\t\t<article class=\"elementor-post elementor-grid-item post-6378 post type-post status-publish format-standard has-post-thumbnail hentry category-blog tag-czy-mozna-wlewac-uszczelniacz-latem tag-jak-wyglada-kwestia-uszczelnienia-instalacji-poza-sezonem-grzewczym tag-kiedy-wlewac-uszczelniacz tag-uszczelniacz-multiseal tag-uszczelnianie-instalacji-latem\">\n\t\t\t\t<a class=\"elementor-post__thumbnail__link\" href=\"https:\/\/uszczelniacze.net\/blog\/uszczelniacze-do-instalacji-co-latem-dlaczego-lepiej-poczekac-do-sezonu-grzewczego\/\" tabindex=\"-1\" >\n\t\t\t<div class=\"elementor-post__thumbnail\"><img loading=\"lazy\" loading=\"lazy\" decoding=\"async\" width=\"280\" height=\"300\" src=\"https:\/\/uszczelniacze.net\/blog\/wp-content\/uploads\/2025\/08\/Multiseal-TD-poj-25-litra-280x300.jpg\" class=\"attachment-medium size-medium wp-image-6389\" alt=\"Pojemnik z uszczelniaczem Multiseal TD\" srcset=\"https:\/\/uszczelniacze.net\/blog\/wp-content\/uploads\/2025\/08\/Multiseal-TD-poj-25-litra-280x300.jpg 280w, https:\/\/uszczelniacze.net\/blog\/wp-content\/uploads\/2025\/08\/Multiseal-TD-poj-25-litra-957x1024.jpg 957w, https:\/\/uszczelniacze.net\/blog\/wp-content\/uploads\/2025\/08\/Multiseal-TD-poj-25-litra-768x822.jpg 768w, https:\/\/uszczelniacze.net\/blog\/wp-content\/uploads\/2025\/08\/Multiseal-TD-poj-25-litra-1436x1536.jpg 1436w, https:\/\/uszczelniacze.net\/blog\/wp-content\/uploads\/2025\/08\/Multiseal-TD-poj-25-litra-1914x2048.jpg 1914w, https:\/\/uszczelniacze.net\/blog\/wp-content\/uploads\/2025\/08\/Multiseal-TD-poj-25-litra-1x1.jpg 1w, https:\/\/uszczelniacze.net\/blog\/wp-content\/uploads\/2025\/08\/Multiseal-TD-poj-25-litra-10x10.jpg 10w\" sizes=\"auto, (max-width: 280px) 100vw, 280px\" \/><\/div>\n\t\t<\/a>\n\t\t\t\t<div class=\"elementor-post__text\">\n\t\t\t\t<h3 class=\"elementor-post__title\">\n\t\t\t<a href=\"https:\/\/uszczelniacze.net\/blog\/uszczelniacze-do-instalacji-co-latem-dlaczego-lepiej-poczekac-do-sezonu-grzewczego\/\" >\n\t\t\t\tUszczelniacze do naprawy instalacji CO latem? Dlaczego warto poczeka\u0107 do pocz\u0105tku sezonu grzewczego?\t\t\t<\/a>\n\t\t<\/h3>\n\t\t\t\t<div class=\"elementor-post__meta-data\">\n\t\t\t\t\t<span class=\"elementor-post-author\">\n\t\t\tMaciej Krysztafkiewicz\t\t<\/span>\n\t\t\t\t<span class=\"elementor-post-date\">\n\t\t\t4 sierpnia, 2025\t\t<\/span>\n\t\t\t\t<span class=\"elementor-post-avatar\">\n\t\t\tBrak komentarzy\t\t<\/span>\n\t\t\t\t<\/div>\n\t\t\t\t<div class=\"elementor-post__excerpt\">\n\t\t\t<p>Czy mo\u017cna wlewa\u0107 uszczelniacz Multiseal do instalacji latem? Nieszczelno\u015bci w instalacji centralnego ogrzewania to problem, kt\u00f3ry potrafi sp\u0119dzi\u0107 sen z powiek ka\u017cdemu w\u0142a\u015bcicielowi domu. W&#8230;<\/p>\n\t\t<\/div>\n\t\t\n\t\t<a class=\"elementor-post__read-more\" href=\"https:\/\/uszczelniacze.net\/blog\/uszczelniacze-do-instalacji-co-latem-dlaczego-lepiej-poczekac-do-sezonu-grzewczego\/\" aria-label=\"Read more about Uszczelniacze do naprawy instalacji CO latem? Dlaczego warto poczeka\u0107 do pocz\u0105tku sezonu grzewczego?\" tabindex=\"-1\" >\n\t\t\tCzytaj wi\u0119cej \u00bb\t\t<\/a>\n\n\t\t\t\t<\/div>\n\t\t\t\t<\/article>\n\t\t\t\t<article class=\"elementor-post elementor-grid-item post-6363 post type-post status-publish format-standard has-post-thumbnail hentry category-blog\">\n\t\t\t\t<a class=\"elementor-post__thumbnail__link\" href=\"https:\/\/uszczelniacze.net\/blog\/6363-2\/\" tabindex=\"-1\" >\n\t\t\t<div class=\"elementor-post__thumbnail\"><img loading=\"lazy\" loading=\"lazy\" decoding=\"async\" width=\"300\" height=\"300\" src=\"https:\/\/uszczelniacze.net\/blog\/wp-content\/uploads\/2025\/06\/IMG_20241102_083301-300x300.jpg\" class=\"attachment-medium size-medium wp-image-6366\" alt=\"Wyciek wody z kot\u0142a w\u0119glowego\" srcset=\"https:\/\/uszczelniacze.net\/blog\/wp-content\/uploads\/2025\/06\/IMG_20241102_083301-300x300.jpg 300w, https:\/\/uszczelniacze.net\/blog\/wp-content\/uploads\/2025\/06\/IMG_20241102_083301-1024x1024.jpg 1024w, https:\/\/uszczelniacze.net\/blog\/wp-content\/uploads\/2025\/06\/IMG_20241102_083301-150x150.jpg 150w, https:\/\/uszczelniacze.net\/blog\/wp-content\/uploads\/2025\/06\/IMG_20241102_083301-768x768.jpg 768w, https:\/\/uszczelniacze.net\/blog\/wp-content\/uploads\/2025\/06\/IMG_20241102_083301-1536x1536.jpg 1536w, https:\/\/uszczelniacze.net\/blog\/wp-content\/uploads\/2025\/06\/IMG_20241102_083301-2048x2048.jpg 2048w, https:\/\/uszczelniacze.net\/blog\/wp-content\/uploads\/2025\/06\/IMG_20241102_083301-1x1.jpg 1w, https:\/\/uszczelniacze.net\/blog\/wp-content\/uploads\/2025\/06\/IMG_20241102_083301-10x10.jpg 10w\" sizes=\"auto, (max-width: 300px) 100vw, 300px\" \/><\/div>\n\t\t<\/a>\n\t\t\t\t<div class=\"elementor-post__text\">\n\t\t\t\t<h3 class=\"elementor-post__title\">\n\t\t\t<a href=\"https:\/\/uszczelniacze.net\/blog\/6363-2\/\" >\n\t\t\t\t\t\t\t<\/a>\n\t\t<\/h3>\n\t\t\t\t<div class=\"elementor-post__meta-data\">\n\t\t\t\t\t<span class=\"elementor-post-author\">\n\t\t\tMaciej Krysztafkiewicz\t\t<\/span>\n\t\t\t\t<span class=\"elementor-post-date\">\n\t\t\t21 czerwca, 2025\t\t<\/span>\n\t\t\t\t<span class=\"elementor-post-avatar\">\n\t\t\tBrak komentarzy\t\t<\/span>\n\t\t\t\t<\/div>\n\t\t\t\t<div class=\"elementor-post__excerpt\">\n\t\t\t<p>Awaria kot\u0142a w\u0119glowego? Zanim wydasz tysi\u0105ce, poznaj rozwi\u0105zanie za oko\u0142o 800 z\u0142. Analiza oszcz\u0119dno\u015bci z uszczelniaczem Multiseal.<\/p>\n\t\t<\/div>\n\t\t\n\t\t<a class=\"elementor-post__read-more\" href=\"https:\/\/uszczelniacze.net\/blog\/6363-2\/\" aria-label=\"Read more about \" tabindex=\"-1\" >\n\t\t\tCzytaj wi\u0119cej \u00bb\t\t<\/a>\n\n\t\t\t\t<\/div>\n\t\t\t\t<\/article>\n\t\t\t\t<article class=\"elementor-post elementor-grid-item post-6350 post type-post status-publish format-standard has-post-thumbnail hentry category-blog\">\n\t\t\t\t<a class=\"elementor-post__thumbnail__link\" href=\"https:\/\/uszczelniacze.net\/blog\/uszczelniacze-multiseal-firmy-unipak-zalety-bezinwazyjnej-naprawy\/\" tabindex=\"-1\" >\n\t\t\t<div class=\"elementor-post__thumbnail\"><img loading=\"lazy\" loading=\"lazy\" decoding=\"async\" width=\"300\" height=\"192\" src=\"https:\/\/uszczelniacze.net\/blog\/wp-content\/uploads\/2025\/05\/Multiseal-uszczelniacze-do-instalacji-300x192.jpg\" class=\"attachment-medium size-medium wp-image-6354\" alt=\"uszczelniacze Multiseal\" srcset=\"https:\/\/uszczelniacze.net\/blog\/wp-content\/uploads\/2025\/05\/Multiseal-uszczelniacze-do-instalacji-300x192.jpg 300w, https:\/\/uszczelniacze.net\/blog\/wp-content\/uploads\/2025\/05\/Multiseal-uszczelniacze-do-instalacji-1024x655.jpg 1024w, https:\/\/uszczelniacze.net\/blog\/wp-content\/uploads\/2025\/05\/Multiseal-uszczelniacze-do-instalacji-768x492.jpg 768w, https:\/\/uszczelniacze.net\/blog\/wp-content\/uploads\/2025\/05\/Multiseal-uszczelniacze-do-instalacji-1536x983.jpg 1536w, https:\/\/uszczelniacze.net\/blog\/wp-content\/uploads\/2025\/05\/Multiseal-uszczelniacze-do-instalacji-2048x1311.jpg 2048w, https:\/\/uszczelniacze.net\/blog\/wp-content\/uploads\/2025\/05\/Multiseal-uszczelniacze-do-instalacji-1x1.jpg 1w, https:\/\/uszczelniacze.net\/blog\/wp-content\/uploads\/2025\/05\/Multiseal-uszczelniacze-do-instalacji-10x6.jpg 10w\" sizes=\"auto, (max-width: 300px) 100vw, 300px\" \/><\/div>\n\t\t<\/a>\n\t\t\t\t<div class=\"elementor-post__text\">\n\t\t\t\t<h3 class=\"elementor-post__title\">\n\t\t\t<a href=\"https:\/\/uszczelniacze.net\/blog\/uszczelniacze-multiseal-firmy-unipak-zalety-bezinwazyjnej-naprawy\/\" >\n\t\t\t\tUszczelniacze Multiseal firmy Unipak &#8211; zalety bezinwazyjnej naprawy.\t\t\t<\/a>\n\t\t<\/h3>\n\t\t\t\t<div class=\"elementor-post__meta-data\">\n\t\t\t\t\t<span class=\"elementor-post-author\">\n\t\t\tMaciej Krysztafkiewicz\t\t<\/span>\n\t\t\t\t<span class=\"elementor-post-date\">\n\t\t\t4 maja, 2025\t\t<\/span>\n\t\t\t\t<span class=\"elementor-post-avatar\">\n\t\t\tBrak komentarzy\t\t<\/span>\n\t\t\t\t<\/div>\n\t\t\t\t<div class=\"elementor-post__excerpt\">\n\t\t\t<p>Multiseal &#8211; ca\u0142a gama uszczelniaczy do instalacji wodnych Wyciekaj\u0105ca woda z instalacji centralnego ogrzewania, kapanie z rur wody pitnej czy nieszczelno\u015b\u0107 w kanalizacji to problemy,&#8230;<\/p>\n\t\t<\/div>\n\t\t\n\t\t<a class=\"elementor-post__read-more\" href=\"https:\/\/uszczelniacze.net\/blog\/uszczelniacze-multiseal-firmy-unipak-zalety-bezinwazyjnej-naprawy\/\" aria-label=\"Read more about Uszczelniacze Multiseal firmy Unipak &#8211; zalety bezinwazyjnej naprawy.\" tabindex=\"-1\" >\n\t\t\tCzytaj wi\u0119cej \u00bb\t\t<\/a>\n\n\t\t\t\t<\/div>\n\t\t\t\t<\/article>\n\t\t\t\t<\/div>\n\t\t\n\t\t\t\t\t\t<\/div>\n\t\t\t\t<\/div>\n\t\t\t\t\t<\/div>\n\t\t\t\t<\/div>\n\t\t\t\t\t<\/div>\n\t\t<\/div>\n\t\t\t\t\t<\/div>\n\t\t<\/section>\n\t\t\t\t<\/div>\n\t\t","protected":false},"excerpt":{"rendered":"","protected":false},"author":2,"featured_media":4946,"parent":0,"menu_order":0,"comment_status":"closed","ping_status":"closed","template":"","meta":{"footnotes":""},"class_list":["post-4084","page","type-page","status-publish","has-post-thumbnail","hentry"],"_links":{"self":[{"href":"https:\/\/uszczelniacze.net\/blog\/wp-json\/wp\/v2\/pages\/4084","targetHints":{"allow":["GET"]}}],"collection":[{"href":"https:\/\/uszczelniacze.net\/blog\/wp-json\/wp\/v2\/pages"}],"about":[{"href":"https:\/\/uszczelniacze.net\/blog\/wp-json\/wp\/v2\/types\/page"}],"author":[{"embeddable":true,"href":"https:\/\/uszczelniacze.net\/blog\/wp-json\/wp\/v2\/users\/2"}],"replies":[{"embeddable":true,"href":"https:\/\/uszczelniacze.net\/blog\/wp-json\/wp\/v2\/comments?post=4084"}],"version-history":[{"count":14,"href":"https:\/\/uszczelniacze.net\/blog\/wp-json\/wp\/v2\/pages\/4084\/revisions"}],"predecessor-version":[{"id":6311,"href":"https:\/\/uszczelniacze.net\/blog\/wp-json\/wp\/v2\/pages\/4084\/revisions\/6311"}],"wp:featuredmedia":[{"embeddable":true,"href":"https:\/\/uszczelniacze.net\/blog\/wp-json\/wp\/v2\/media\/4946"}],"wp:attachment":[{"href":"https:\/\/uszczelniacze.net\/blog\/wp-json\/wp\/v2\/media?parent=4084"}],"curies":[{"name":"wp","href":"https:\/\/api.w.org\/{rel}","templated":true}]}}